{"id":95,"date":"2014-03-22T12:25:23","date_gmt":"2014-03-22T11:25:23","guid":{"rendered":"http:\/\/www.deutscherseglerclub.de\/?page_id=95"},"modified":"2024-05-31T17:28:35","modified_gmt":"2024-05-31T16:28:35","slug":"unser-vorstand","status":"publish","type":"page","link":"https:\/\/www.deutscherseglerclub.de\/?page_id=95","title":{"rendered":"Unser Vorstand"},"content":{"rendered":"<p>Der aktuelle Vorstand unseres Segelclubs setzt sich wie folgt zusammen:<\/p>\n<p><b>1. Vorsitzender<br \/><\/b>Albrecht, seit 2012 im Verein. Seine Dyas im Hafen f\u00e4llt mit ihrer roten Farbe auf. Mit Unterst\u00fctzung aller Vereinsmitglieder versucht er den Club weiter im ruhigen Fahrwasser zu halten aber auch weiter in die Zukunft zu f\u00fchren.\u00a0<\/p>\n<p><b>2. Vorsitzender<\/b><br \/>Thomas, im Verein seit 2011. Geb\u00fcrtig im wasserarmen Ostwestfalen stammend schon immer begeistert f\u00fcr die Wassersportm\u00f6glichkeiten in und um Berlin . Segeln mit seiner Olson 8.8 auf den Berliner Gew\u00e4ssern und das Fahrtensegeln mit der Familie sind seine gro\u00dfen Leidenschaft. Sein berufliches Engagement bez\u00fcglich offener Ohren soll auch im Club dergestalt umgesetzt werden, dass er f\u00fcr jedes DSC-Mitglied immer ein offenes Ohr hat und bei Bedarf zur Seite steht.<\/p>\n<p><b>Kassenwart<br \/><\/b>Thomas, im Verein seit 2014. Hat die Havel und die Finanzen des Vereins fest im Griff und k\u00fcmmert sich daneben auch noch um viele kleinere Projekte im Club.<\/p>\n<p><b>Schriftf\u00fchrer<br \/><\/b>Michael, seit M\u00e4rz 2023 neu gew\u00e4hlter Schriftf\u00fchrer<\/p>\n<p><b>1. Beisitzer (Hafen)<\/b><br \/>Frank,\u00a0<\/p>\n<p><b>2. Beisitzer (Kantine \/ Tresen)<\/b><br \/>Felix<\/p>\n<p><b>3. Beisitzer (Jugend)<\/b><br \/>Laura, im Verein seit 2015.\u00a0 K\u00fcmmert sich mit Engagement um die J\u00fcngsten und Jugendlichen im Verein.<\/p>\n<p><strong>4. Beisitzern\u00a0 (Regatten) <\/strong><\/p>\n<p>Birgit<\/p>\n<p><strong>5. Beisitzer (Veranstaltungen)<\/strong><\/p>\n<p>Martin<\/p>\n<p><strong>6. Beisitzer (Fahrtenobmann)<\/strong><\/p>\n<p>Nils<\/p>\n<p><strong>7. Beisitzer (Umweltobmann)<\/strong><\/p>\n<p>Peter<\/p>\n<p>\u00a0<\/p>\n<p>\u00a0<\/p>\n<p>\u00a0<\/p>\n\n\n<p><\/p>\n","protected":false},"excerpt":{"rendered":"<p>Der aktuelle Vorstand unseres Segelclubs setzt sich wie folgt zusammen: 1. VorsitzenderAlbrecht, seit 2012 im Verein. Seine Dyas im Hafen f\u00e4llt mit ihrer roten Farbe auf. Mit Unterst\u00fctzung aller Vereinsmitglieder versucht er den Club weiter im ruhigen Fahrwasser zu halten aber auch weiter in die Zukunft zu f\u00fchren.\u00a0 2. VorsitzenderThomas, im Verein seit 2011. Geb\u00fcrtig [&hellip;]<\/p>\n","protected":false},"author":1,"featured_media":0,"parent":69,"menu_order":0,"comment_status":"closed","ping_status":"open","template":"","meta":[],"_links":{"self":[{"href":"https:\/\/www.deutscherseglerclub.de\/index.php?rest_route=\/wp\/v2\/pages\/95"}],"collection":[{"href":"https:\/\/www.deutscherseglerclub.de\/index.php?rest_route=\/wp\/v2\/pages"}],"about":[{"href":"https:\/\/www.deutscherseglerclub.de\/index.php?rest_route=\/wp\/v2\/types\/page"}],"author":[{"embeddable":true,"href":"https:\/\/www.deutscherseglerclub.de\/index.php?rest_route=\/wp\/v2\/users\/1"}],"replies":[{"embeddable":true,"href":"https:\/\/www.deutscherseglerclub.de\/index.php?rest_route=%2Fwp%2Fv2%2Fcomments&post=95"}],"version-history":[{"count":20,"href":"https:\/\/www.deutscherseglerclub.de\/index.php?rest_route=\/wp\/v2\/pages\/95\/revisions"}],"predecessor-version":[{"id":1210,"href":"https:\/\/www.deutscherseglerclub.de\/index.php?rest_route=\/wp\/v2\/pages\/95\/revisions\/1210"}],"up":[{"embeddable":true,"href":"https:\/\/www.deutscherseglerclub.de\/index.php?rest_route=\/wp\/v2\/pages\/69"}],"wp:attachment":[{"href":"https:\/\/www.deutscherseglerclub.de\/index.php?rest_route=%2Fwp%2Fv2%2Fmedia&parent=95"}],"curies":[{"name":"wp","href":"https:\/\/api.w.org\/{rel}","templated":true}]}}