{"id":69,"date":"2014-03-16T21:08:44","date_gmt":"2014-03-16T20:08:44","guid":{"rendered":"http:\/\/www.deutscherseglerclub.de\/?page_id=69"},"modified":"2021-02-18T09:26:31","modified_gmt":"2021-02-18T08:26:31","slug":"ueber-uns","status":"publish","type":"page","link":"https:\/\/www.deutscherseglerclub.de\/","title":{"rendered":"\u00dcber uns"},"content":{"rendered":"<p><b>Wer sind wir?<\/b> Wir sind ein familienfreundlicher Verein mit rund 100 Mitgliedern, der vor allem Fahrten- und Jugendsegeln betreibt.<\/p>\n<p><b>Was machen wir?<\/b> Vor allem segeln, aber auch jedes Jahr Veranstaltungen wie Osterfest, Sommerfest, Segelcamp, Weihnachtsfeier, Regattasegeln, Wandertage, Skatabende usw.<\/p>\n<p><b>Was kostet es?<\/b> F\u00fcr Erwachsene mit einem Boot mittlerer Gr\u00f6\u00dfe wird ein j\u00e4hrlicher Beitrag von ca. 1000 \u20ac erhoben.<\/p>\n<p><b>Bei Interesse Anfragen an:<\/b><\/p>\n<p><a href=\"mailto:kontakt@deutscherseglerclub.de\">kontakt@deutscherseglerclub.de<\/a><\/p>\n<p>Albrecht von Witzendorff,&nbsp; Tel. 0175 3231685&nbsp; &nbsp; &nbsp; &nbsp; &nbsp; &nbsp; &nbsp; &nbsp; &nbsp; &nbsp; &nbsp; &nbsp;Thomas Fl\u00f6ttmann<\/p>\n<p><a href=\"https:\/\/www.deutscherseglerclub.de\/wp-content\/uploads\/2014\/03\/Paekchen.jpg\"><img loading=\"lazy\" class=\"alignnone wp-image-71\" src=\"https:\/\/www.deutscherseglerclub.de\/wp-content\/uploads\/2014\/03\/Paekchen.jpg\" alt=\"Paekchen\" width=\"240\" height=\"164\" srcset=\"https:\/\/www.deutscherseglerclub.de\/wp-content\/uploads\/2014\/03\/Paekchen.jpg 340w, https:\/\/www.deutscherseglerclub.de\/wp-content\/uploads\/2014\/03\/Paekchen-300x205.jpg 300w\" sizes=\"(max-width: 240px) 100vw, 240px\" \/><\/a>&nbsp; <a href=\"https:\/\/www.deutscherseglerclub.de\/wp-content\/uploads\/2014\/03\/Hafen.jpg\"><img loading=\"lazy\" class=\"alignnone wp-image-70\" src=\"https:\/\/www.deutscherseglerclub.de\/wp-content\/uploads\/2014\/03\/Hafen.jpg\" alt=\"Hafen\" width=\"245\" height=\"163\" srcset=\"https:\/\/www.deutscherseglerclub.de\/wp-content\/uploads\/2014\/03\/Hafen.jpg 350w, https:\/\/www.deutscherseglerclub.de\/wp-content\/uploads\/2014\/03\/Hafen-300x199.jpg 300w\" sizes=\"(max-width: 245px) 100vw, 245px\" \/><\/a><a href=\"https:\/\/www.deutscherseglerclub.de\/wp-content\/uploads\/2014\/03\/Aufnahmeantrag.docx\">Aufnahmeantrag_Word_Formular<\/a><\/p>\n<p><a href=\"https:\/\/www.deutscherseglerclub.de\/wp-content\/uploads\/2014\/03\/Aufnahmeantrag.pdf\">Aufnahmeantrag_PDF<\/a><\/p>\n<p><a title=\"Blick von oben\" href=\"http:\/\/goo.gl\/maps\/qlrOL\">Hafen und Haus in Google Maps<\/a><\/p>\n","protected":false},"excerpt":{"rendered":"<p>Wer sind wir? Wir sind ein familienfreundlicher Verein mit rund 100 Mitgliedern, der vor allem Fahrten- und Jugendsegeln betreibt. Was machen wir? Vor allem segeln, aber auch jedes Jahr Veranstaltungen wie Osterfest, Sommerfest, Segelcamp, Weihnachtsfeier, Regattasegeln, Wandertage, Skatabende usw. Was kostet es? F\u00fcr Erwachsene mit einem Boot mittlerer Gr\u00f6\u00dfe wird ein j\u00e4hrlicher Beitrag von ca. [&hellip;]<\/p>\n","protected":false},"author":1,"featured_media":0,"parent":0,"menu_order":0,"comment_status":"closed","ping_status":"open","template":"","meta":[],"_links":{"self":[{"href":"https:\/\/www.deutscherseglerclub.de\/index.php?rest_route=\/wp\/v2\/pages\/69"}],"collection":[{"href":"https:\/\/www.deutscherseglerclub.de\/index.php?rest_route=\/wp\/v2\/pages"}],"about":[{"href":"https:\/\/www.deutscherseglerclub.de\/index.php?rest_route=\/wp\/v2\/types\/page"}],"author":[{"embeddable":true,"href":"https:\/\/www.deutscherseglerclub.de\/index.php?rest_route=\/wp\/v2\/users\/1"}],"replies":[{"embeddable":true,"href":"https:\/\/www.deutscherseglerclub.de\/index.php?rest_route=%2Fwp%2Fv2%2Fcomments&post=69"}],"version-history":[{"count":13,"href":"https:\/\/www.deutscherseglerclub.de\/index.php?rest_route=\/wp\/v2\/pages\/69\/revisions"}],"predecessor-version":[{"id":1194,"href":"https:\/\/www.deutscherseglerclub.de\/index.php?rest_route=\/wp\/v2\/pages\/69\/revisions\/1194"}],"wp:attachment":[{"href":"https:\/\/www.deutscherseglerclub.de\/index.php?rest_route=%2Fwp%2Fv2%2Fmedia&parent=69"}],"curies":[{"name":"wp","href":"https:\/\/api.w.org\/{rel}","templated":true}]}}